{"id":117,"date":"2016-07-14T01:32:02","date_gmt":"2016-07-13T22:32:02","guid":{"rendered":"https:\/\/www.tiptopreel.fi\/uk\/?page_id=117"},"modified":"2022-12-13T13:20:47","modified_gmt":"2022-12-13T11:20:47","slug":"tiptopreel","status":"publish","type":"page","link":"https:\/\/www.tiptopreel.fi\/uk\/tiptopreel\/","title":{"rendered":"\u0422i\u043f\u0442\u043e\u043f\u0440i\u043b"},"content":{"rendered":"<p>\u0412\u0438\u0441\u043e\u043a\u043e\u043f\u0440\u043e\u0432\u043e\u043b\u043e\u0447\u043d\u0430 \u0441\u0438\u0441\u0442\u0435\u043c\u0430 \u2013 \u043e\u0434\u0438\u043d \u0437 \u043d\u0430\u0439\u0440\u043e\u0437\u043f\u043e\u0432\u0441\u044e\u0434\u0436\u0435\u043d\u0456\u0448\u0438\u0445 \u043c\u0435\u0442\u043e\u0434\u0456\u0432, \u044f\u043a\u0438\u0439 \u0432\u0438\u043a\u043e\u0440\u0438\u0441\u0442\u043e\u0432\u0443\u0454\u0442\u044c\u0441\u044f \u0432 \u0441\u043a\u0430\u043d\u0434\u0438\u043d\u0430\u0432\u0441\u044c\u043a\u0438\u0445 \u043a\u0440\u0430\u0457\u043d\u0430\u0445 \u0434\u043b\u044f \u0432\u0438\u0440\u043e\u0449\u0443\u0432\u0430\u043d\u043d\u044f \u043e\u0433\u0456\u0440\u043a\u0456\u0432 \u0432\u0435\u0441\u044c \u0440\u0456\u043a. \u0412\u0436\u0435 \u0431\u0430\u0433\u0430\u0442\u043e \u0440\u043e\u043a\u0456\u0432 \u043d\u0430\u0440\u043e\u0437\u043f\u043e\u0432\u0441\u044e\u0434\u0436\u0435\u043d\u0456\u0448\u0438\u043c \u0432\u0430\u0440\u0456\u0430\u043d\u0442\u043e\u043c \u0446\u044c\u043e\u0433\u043e \u043c\u0435\u0442\u043e\u0434\u0443 \u0432 \u0424\u0456\u043d\u043b\u044f\u043d\u0434\u0456\u0457 \u0454 \u0432\u0438\u043a\u043e\u0440\u0438\u0441\u0442\u0430\u043d\u043d\u044f 25\u044525 \u043c\u043c. \u043a\u0432\u0430\u0434\u0440\u0430\u0442\u043d\u043e\u0433\u043e \u043f\u0440\u043e\u0444\u0456\u043b\u044e \u0441\u0442\u0430\u043b\u0435\u0432\u043e\u0457 \u0442\u0440\u0443\u0431\u0438, \u044f\u043a \u0432\u0435\u0440\u0445\u043d\u044c\u043e\u0433\u043e \u0441\u0442\u0435\u0440\u0436\u043d\u044f \u0437 \u043f\u043e\u0441\u0442\u0456\u0439\u043d\u043e \u043f\u0440\u0438\u043a\u0440\u0456\u043f\u043b\u0435\u043d\u0438\u043c\u0438 \u043d\u0430 \u043a\u0430\u0442\u0443\u0448\u043a\u0430\u0445 \u043d\u0438\u0442\u043a\u0430\u043c\u0438.<\/p>\n<p>\u041f\u043e\u0432\u0435\u0440\u0442\u0430\u044e\u0447\u0438 \u0446\u044e \u0442\u0440\u0443\u0431\u0443, \u0432\u0435\u0441\u044c \u0440\u044f\u0434 \u043c\u043e\u0436\u0435 \u043e\u043f\u0443\u0441\u043a\u0430\u0442\u0438\u0441\u044f, \u0447\u0438 \u043d\u0430\u0432\u0456\u0442\u044c \u0432\u0441\u0456 \u0440\u044f\u0434\u0438 \u043c\u043e\u0436\u0443\u0442\u044c \u043e\u043f\u0443\u0441\u043a\u0430\u0442\u0438\u0441\u044f, \u0449\u043e \u0454 \u043d\u0435\u0439\u043c\u043e\u0432\u0456\u0440\u043d\u043e \u0448\u0432\u0438\u0434\u043a\u0438\u043c \u0432 \u043f\u043e\u0440\u0456\u0432\u043d\u044f\u043d\u043d\u0456 \u0437 \u0433\u0430\u0447\u043a\u0430\u043c\u0438 \u0434\u043b\u044f \u043d\u0438\u0442\u043e\u043a, \u044f\u043a\u0456 \u0432\u0438\u043a\u043e\u0440\u0438\u0441\u0442\u043e\u0432\u0443\u0432\u0430\u043b\u0438\u0441\u044f \u0440\u0430\u043d\u0456\u0448\u0435. \u0422\u0430\u043a \u0447\u0438 \u0456\u043d\u0430\u043a\u0449\u0435, \u043d\u0435\u0434\u043e\u043b\u0456\u043a\u043e\u043c \u0446\u044c\u043e\u0433\u043e \u043c\u0435\u0442\u043e\u0434\u0443 \u0454 \u0442\u0435, \u0449\u043e \u0434\u0435\u044f\u043a\u0456 \u0440\u043e\u0441\u043b\u0438\u043d\u0438 \u043c\u043e\u0436\u0443\u0442\u044c \u0440\u043e\u0441\u0442\u0438 \u043f\u043e\u0432\u0456\u043b\u044c\u043d\u0456\u0448\u0435, \u0456 \u0432\u0456\u0434\u043f\u043e\u0432\u0456\u0434\u043d\u043e \u0432\u0435\u0440\u0448\u043a\u0438 \u043c\u043e\u0436\u0443\u0442\u044c \u0431\u0443\u0442\u0438 \u0440\u0456\u0437\u043d\u043e\u0457 \u0432\u0438\u0441\u043e\u0442\u0438. \u0426\u0435 \u0437\u043d\u0430\u0447\u043d\u043e \u0437\u043d\u0438\u0436\u0443\u0454 \u0443\u0440\u043e\u0436\u0430\u0439, \u0442\u043e\u043c\u0443 \u0449\u043e \u0432\u0441\u0456 \u0440\u043e\u0441\u043b\u0438\u043d\u0438 \u043d\u0435 \u043e\u0442\u0440\u0438\u043c\u0443\u044e\u0442\u044c \u0434\u043e\u0441\u0442\u0430\u0442\u043d\u044c\u043e\u0457 \u043a\u0456\u043b\u044c\u043a\u043e\u0441\u0442\u0456 \u0441\u0432\u0456\u0442\u043b\u0430. \u0414\u043e \u0442\u043e\u0433\u043e \u0436, \u0440\u0456\u0437\u043d\u0438\u0446\u044f \u0432\u0438\u0441\u043e\u0442\u0438 \u0432\u0435\u0440\u0448\u043a\u0456\u0432 \u0437\u043c\u0443\u0448\u0443\u0454 \u0442\u0435\u0445\u043e\u0431\u0441\u0443\u0433\u043e\u0432\u0443\u0432\u0430\u043d\u043d\u044f \u043f\u0440\u0430\u0446\u044e\u0432\u0430\u0442\u0438 \u043f\u043e\u0432\u0456\u043b\u044c\u043d\u0456\u0448\u0435.<\/p>\n<p>\u0421\u0430\u043c\u0435 \u0437 \u0446\u0456\u0454\u0457 \u043f\u0440\u0438\u0447\u0438\u043d\u0438, \u043d\u043e\u0432\u0430 \u043a\u043e\u0442\u0443\u0448\u043a\u0430 \u0431\u0443\u043b\u0430 \u0440\u043e\u0437\u0440\u043e\u0431\u043b\u0435\u043d\u0430, \u0449\u043e\u0431 \u043c\u0430\u043a\u0441\u0438\u043c\u0430\u043b\u044c\u043d\u043e \u043f\u0440\u0438\u0431\u0440\u0430\u0442\u0438 \u043d\u0435\u0434\u043e\u043b\u0456\u043a\u0438. \u0417 \u0446\u0456\u0454\u044e \u043a\u043e\u0442\u0443\u0448\u043a\u043e\u044e \u0441\u0442\u0430\u0454 \u043c\u043e\u0436\u043b\u0438\u0432\u043e \u043b\u0435\u0433\u043a\u043e \u0439 \u0448\u0432\u0438\u0434\u043a\u043e \u0443\u0442\u0440\u0438\u043c\u0443\u0432\u0430\u0442\u0438 \u0432\u0435\u0440\u0448\u043a\u0438 \u0440\u043e\u0441\u043b\u0438\u043d \u043d\u0430 \u043e\u0434\u043d\u0456\u0439 \u0432\u0438\u0441\u043e\u0442\u0456 \u0437\u0430 \u0434\u043e\u043f\u043e\u043c\u043e\u0433\u043e\u044e \u0440\u0435\u0433\u0443\u043b\u044e\u0432\u0430\u043d\u043d\u044f, \u043d\u0430\u043f\u0440\u0438\u043a\u043b\u0430\u0434 \u043e\u0434\u0438\u043d \u0440\u0430\u0437 \u0432 \u0442\u0438\u0436\u0434\u0435\u043d\u044c, \u0430\u0431\u043e \u043e\u0434\u0438\u043d \u0440\u0430\u0437 \u0432 \u0434\u0432\u0430 \u0442\u0438\u0436\u043d\u0456; \u043e\u0434\u043d\u0456\u0454\u044e \u0440\u0443\u043a\u043e\u044e \u043b\u0435\u0433\u043a\u043e \u043d\u0430\u0442\u0438\u0441\u043d\u0443\u0442\u0438 \u043d\u0430 \u0444\u0456\u043a\u0441\u0430\u0442\u043e\u0440 \u043d\u0430 \u043f\u0440\u0443\u0436\u0438\u043d\u0456 \u0456 \u0456\u043d\u0448\u043e\u044e \u043f\u043e\u0432\u0435\u0440\u043d\u0443\u0442\u0438 \u043a\u043e\u0442\u0443\u0448\u043a\u0443 \u0432\u0432\u0435\u0440\u0445 \u0447\u0438 \u0432\u043d\u0438\u0437, \u044f\u043a \u0432\u0430\u043c \u043d\u0435\u043e\u0431\u0445\u0456\u0434\u043d\u043e.<\/p>\n<p>\u041a\u043e\u0442\u0443\u0448\u043a\u0430 \u0434\u043b\u044f \u043d\u0430\u0439\u0432\u0438\u0457\u0449\u043e\u0457 \u043e\u0431\u043c\u043e\u0442\u043a\u0438 \u0441\u043a\u043b\u0430\u0434\u0430\u0454\u0442\u044c\u0441\u044f \u0437 \u0434\u0432\u043e\u0445 \u0447\u0430\u0441\u0442\u0438\u043d: \u0441\u0430\u043c\u0430 \u043a\u043e\u0442\u0443\u0448\u043a\u0430, \u044f\u043a\u0430 \u0432\u0438\u0433\u043e\u0442\u043e\u0432\u043b\u0435\u043d\u0430 \u0437 \u0437\u0430\u0445\u0438\u0448\u0435\u043d\u043e\u0433\u043e \u0432\u0456\u0434 \u0443\u043b\u044c\u0442\u0440\u0430\u0444\u0456\u043e\u043b\u0435\u0442\u043e\u0432\u043e\u0433\u043e \u0432\u0438\u043f\u0440\u043e\u043c\u0456\u043d\u044e\u0432\u0430\u043d\u043d\u044f \u043f\u043b\u0430\u0441\u0442\u0438\u043a\u0430 APS \u0456 \u0444\u0456\u043a\u0441\u0430\u0442\u043e\u0440-\u043f\u0440\u0443\u0436\u0438\u043d\u0430. \u041a\u043e\u0442\u0443\u0448\u043a\u0438 \u043b\u0435\u0433\u043a\u043e \u0437\u0431\u0438\u0440\u0430\u0442\u0438 \u043f\u0440\u0438 \u0443\u0441\u0442\u0430\u043d\u043e\u0432\u0446\u0456 \u043d\u0438\u0442\u043e\u043a.<\/p>\n<p>\u0414\u043b\u044f \u0442\u043e\u0433\u043e, \u0430\u0431\u0438 \u043f\u0440\u0430\u0432\u0438\u043b\u044c\u043d\u043e \u0432\u0441\u0442\u0430\u043d\u043e\u0432\u0438\u0442\u0438 \u043a\u043e\u0442\u0443\u0448\u043a\u0443 \u043d\u0430 \u043a\u0432\u0430\u0434\u0440\u0430\u0442\u043d\u0438\u0439 \u043f\u0440\u043e\u0444\u0456\u043b\u044c\u0442 \u0442\u0440\u0443\u0431\u0438, \u043d\u0435\u043e\u0431\u0445\u0456\u0434\u043d\u043e \u0432\u0441\u0442\u0430\u0432\u0438\u0442\u0438 \u0444\u0456\u043a\u0441\u0430\u0442\u043e\u0440- \u043f\u0440\u0443\u0436\u0438\u043d\u0443 \u0432 \u043a\u043e\u0442\u0443\u0448\u043a\u0443 \u0442\u0430\u043a\u0438\u043c \u0447\u0438\u043d\u043e\u043c, \u0449\u043e\u0431\u0438 \u0432\u043e\u043d\u0430 \u0440\u0456\u0432\u043d\u043e \u0441\u0442\u0430\u043b\u0430 \u043f\u043e\u043c\u0456\u0436 \u0437\u0443\u0431\u0446\u0456\u0432 \u043a\u043e\u0442\u0443\u0448\u043a\u0438. \u041f\u0456\u0441\u043b\u044f \u0442\u043e\u0433\u043e \u043c\u043e\u0436\u043d\u0430 \u0437\u0430\u043a\u0440\u0456\u043f\u043b\u044e\u0432\u0430\u0442\u0438 \u043a\u043e\u0442\u0443\u0448\u043a\u0443 \u043d\u0430 \u043c\u0435\u0442\u0430\u043b\u0435\u0432\u043e\u043c\u0443 \u043f\u0440\u043e\u0444\u0456\u043b\u0456 \u0442\u0440\u0443\u0431\u0438 \u043e\u0434\u043d\u0456\u0454\u044e \u0441\u0442\u043e\u0440\u043e\u043d\u043e\u044e \u2013 \u043a\u0456\u043d\u0446\u044f\u043c\u0438 \u043f\u0440\u0443\u0436\u0438\u043d\u0438-\u0444\u0456\u043a\u0441\u0430\u0442\u043e\u0440\u0430 \u0434\u043e \u0437\u043e\u0432\u043d\u0456\u0448\u043d\u044c\u043e\u0457 \u0441\u0442\u043e\u0440\u043e\u043d\u0438. \u041d\u0430\u0431\u0430\u0433\u0430\u0442\u043e \u043b\u0435\u0433\u0448\u0435 \u0440\u0435\u0433\u0443\u043b\u044e\u0432\u0430\u0442\u0438 \u0432\u0435\u0440\u0445\u0456\u0432\u043a\u0438 \u0440\u043e\u0441\u043b\u0438\u043d, \u043a\u043e\u043b\u0438 \u0432\u0441\u0456 \u043f\u0440\u0443\u0436\u0438\u043d\u0438 \u0440\u043e\u0437\u0442\u0430\u0448\u043e\u0432\u0430\u043d\u0456 \u0432 \u043e\u0434\u043d\u043e\u043c\u0443 \u043d\u0430\u043f\u0440\u044f\u043c\u043a\u043e\u043c\u0443 \u0456 \u043d\u0435 \u0442\u0440\u0435\u0431\u0430 \u0449\u043e\u0440\u0430\u0437\u0443 \u0434\u0438\u0432\u0438\u0442\u0438\u0441\u044f, \u0437 \u044f\u043a\u043e\u0457 \u0441\u0442\u043e\u0440\u043e\u043d\u0438 \u0442\u0440\u0435\u0431\u0430 \u043d\u0430\u0442\u0438\u0441\u043d\u0443\u0442\u0438 \u043d\u0430 \u043f\u0440\u0443\u0436\u0438\u043d\u0443-\u0444\u0456\u043a\u0441\u0430\u0442\u043e\u0440<\/p>\n<p>\u041a\u043e\u0436\u043d\u0430 \u043a\u043e\u0442\u0443\u0448\u043a\u0430 \u0434\u043b\u044f \u043d\u0430\u0439\u0432\u0438\u0449\u043e\u0457 \u043e\u0431\u043c\u043e\u0442\u043a\u0438 \u0434\u043e\u0441\u0442\u0430\u0432\u043b\u044f\u0454\u0442\u044c\u0441\u044f \u0437 \u043d\u0430\u043c\u043e\u0442\u0430\u043d\u043e\u044e \u043f\u043e\u043b\u0456\u0435\u0442\u0438\u043b\u0435\u043d\u043e\u0432\u043e\u044e \u043d\u0438\u0442\u043a\u043e\u044e, \u0434\u043e\u0432\u0436\u0438\u043d\u0430 \u044f\u043a\u043e\u0457 \u0441\u043a\u043b\u0430\u0434\u0430\u0454 \u043f\u0440\u0438\u0431\u043b\u0438\u0437\u043d\u043e 79 \u043c., \u0447\u043e\u0433\u043e \u0434\u043e\u0441\u0442\u0430\u0442\u043d\u044c\u043e \u0434\u043b\u044f \u043f\u0440\u0438\u0431\u043b\u0438\u0437\u043d\u043e 5 \u0447\u0438 6 \u0443\u0440\u043e\u0436\u0430\u0457\u0432 \u043e\u0433\u0456\u0440\u043a\u0456\u0432. \u041d\u0438\u0442\u043a\u0430 \u043d\u0435 \u043f\u043e\u0440\u0432\u0435\u0442\u044c\u0441\u044f \u043d\u0430\u0432\u0456\u0442\u044c \u043f\u0456\u0441\u043b\u044f \u0431\u0430\u0433\u0430\u0442\u043e\u0440\u0430\u0437\u043e\u0432\u043e\u0433\u043e \u0432\u0438\u043a\u043e\u0440\u0438\u0441\u0442\u0430\u043d\u043d\u044f.<\/p>\n<p>\u041a\u043e\u0442\u0443\u0448\u043a\u0438 \u0443\u043f\u0430\u043a\u043e\u0432\u0430\u043d\u0456 \u0432 \u043a\u043e\u0440\u043e\u0431\u043a\u0438 \u043f\u043e 200 \u0448\u0442\u0443\u043a.<\/p>\n<p><iframe loading=\"lazy\" title=\"\u0422\u0438\u043f\u0442\u043e\u043f\u0440\u0438\u043b\" width=\"740\" height=\"416\" src=\"https:\/\/www.youtube.com\/embed\/G4dd5p02iRI?wmode=transparent&amp;rel=0&amp;feature=oembed\" frameborder=\"0\" allow=\"accelerometer; autoplay; clipboard-write; encrypted-media; gyroscope; picture-in-picture\" allowfullscreen><\/iframe><\/p>\n<p><strong>\u041a\u043e\u0440\u0438\u0441\u0442\u0443\u0432\u0430\u0447\u0456 \u0443 \u0424\u0456\u043d\u043b\u044f\u043d\u0434\u0456\u0457, \u041b\u0430\u0442\u0432\u0456\u0457 \u0442\u0430 \u0428\u0432\u0435\u0446\u0456\u0457:<\/strong> Sein\u00e4joen Puutarha, Kannuksen Kauppapuutarha, Thor Sigg AB N\u00e4rpi\u00f6, Kulmalan Puutarha Perni\u00f6, Getli\u0146i EKO (\u041b\u0430\u0442\u0432\u0456\u0457)<\/p>\n<p><a class=\"btn\" href=\"#contact-form\">\u0421\u043a\u043e\u043d\u0442\u0430\u043a\u0442\u0443\u0439\u0442\u0435\u0441\u044f \u0437 \u043d\u0430\u043c\u0438<\/a><\/p>\n","protected":false},"excerpt":{"rendered":"<p>\u041d\u0430\u0439\u0432\u0438\u0449\u0430 \u043e\u0431\u043c\u043e\u0442\u043a\u0430; \u043d\u043e\u0432\u0430 \u043a\u043e\u0442\u0443\u0448\u043a\u0430 \u0434\u043b\u044f \u0432\u0438\u0440\u043e\u0449\u0443\u0432\u0430\u043d\u043d\u044f \u043e\u0433\u0456\u0440\u043a\u0456\u0432, \u044f\u043a\u0430 \u0432\u0438\u043a\u043e\u0440\u0438\u0441\u0442\u043e\u0432\u0443\u0454\u0442\u044c\u0441\u044f \u043f\u0440\u0438 \u0432\u0438\u0441\u043e\u043a\u043e\u043f\u0440\u043e\u0432\u043e\u043b\u043e\u0447\u043d\u0456\u0439 \u0441\u0438\u0441\u0442\u0435\u043c\u0456.<\/p>\n","protected":false},"author":1,"featured_media":341,"parent":0,"menu_order":0,"comment_status":"closed","ping_status":"closed","template":"","meta":[],"acf":[],"yoast_head":"<!-- This site is optimized with the Yoast SEO plugin v19.11 - https:\/\/yoast.com\/wordpress\/plugins\/seo\/ -->\n<title>\u0422i\u043f\u0442\u043e\u043f\u0440i\u043b - Tiptopreel<\/title>\n<meta name=\"robots\" content=\"index, follow, max-snippet:-1, max-image-preview:large, max-video-preview:-1\" \/>\n<link rel=\"canonical\" href=\"https:\/\/www.tiptopreel.fi\/uk\/tiptopreel\/\" \/>\n<meta property=\"og:locale\" content=\"uk_UA\" \/>\n<meta property=\"og:type\" content=\"article\" \/>\n<meta property=\"og:title\" content=\"\u0422i\u043f\u0442\u043e\u043f\u0440i\u043b - Tiptopreel\" \/>\n<meta property=\"og:description\" content=\"\u041d\u0430\u0439\u0432\u0438\u0449\u0430 \u043e\u0431\u043c\u043e\u0442\u043a\u0430; \u043d\u043e\u0432\u0430 \u043a\u043e\u0442\u0443\u0448\u043a\u0430 \u0434\u043b\u044f \u0432\u0438\u0440\u043e\u0449\u0443\u0432\u0430\u043d\u043d\u044f \u043e\u0433\u0456\u0440\u043a\u0456\u0432, \u044f\u043a\u0430 \u0432\u0438\u043a\u043e\u0440\u0438\u0441\u0442\u043e\u0432\u0443\u0454\u0442\u044c\u0441\u044f \u043f\u0440\u0438 \u0432\u0438\u0441\u043e\u043a\u043e\u043f\u0440\u043e\u0432\u043e\u043b\u043e\u0447\u043d\u0456\u0439 \u0441\u0438\u0441\u0442\u0435\u043c\u0456.\" \/>\n<meta property=\"og:url\" content=\"https:\/\/www.tiptopreel.fi\/uk\/tiptopreel\/\" \/>\n<meta property=\"og:site_name\" content=\"Tiptopreel\" \/>\n<meta property=\"article:modified_time\" content=\"2022-12-13T11:20:47+00:00\" \/>\n<meta property=\"og:image\" content=\"https:\/\/www.tiptopreel.fi\/wp-content\/uploads\/2016\/06\/tiptopreel.jpg\" \/>\n\t<meta property=\"og:image:width\" content=\"1140\" \/>\n\t<meta property=\"og:image:height\" content=\"774\" \/>\n\t<meta property=\"og:image:type\" content=\"image\/jpeg\" \/>\n<meta name=\"twitter:card\" content=\"summary_large_image\" \/>\n<meta name=\"twitter:label1\" content=\"Est. reading time\" \/>\n\t<meta name=\"twitter:data1\" content=\"2 minutes\" \/>\n<script type=\"application\/ld+json\" class=\"yoast-schema-graph\">{\"@context\":\"https:\/\/schema.org\",\"@graph\":[{\"@type\":\"WebPage\",\"@id\":\"https:\/\/www.tiptopreel.fi\/uk\/tiptopreel\/\",\"url\":\"https:\/\/www.tiptopreel.fi\/uk\/tiptopreel\/\",\"name\":\"\u0422i\u043f\u0442\u043e\u043f\u0440i\u043b - Tiptopreel\",\"isPartOf\":{\"@id\":\"https:\/\/www.tiptopreel.fi\/#website\"},\"datePublished\":\"2016-07-13T22:32:02+00:00\",\"dateModified\":\"2022-12-13T11:20:47+00:00\",\"breadcrumb\":{\"@id\":\"https:\/\/www.tiptopreel.fi\/uk\/tiptopreel\/#breadcrumb\"},\"inLanguage\":\"uk-UA\",\"potentialAction\":[{\"@type\":\"ReadAction\",\"target\":[\"https:\/\/www.tiptopreel.fi\/uk\/tiptopreel\/\"]}]},{\"@type\":\"BreadcrumbList\",\"@id\":\"https:\/\/www.tiptopreel.fi\/uk\/tiptopreel\/#breadcrumb\",\"itemListElement\":[{\"@type\":\"ListItem\",\"position\":1,\"name\":\"Etusivu\",\"item\":\"https:\/\/www.tiptopreel.fi\/uk\/\"},{\"@type\":\"ListItem\",\"position\":2,\"name\":\"\u0422i\u043f\u0442\u043e\u043f\u0440i\u043b\"}]},{\"@type\":\"WebSite\",\"@id\":\"https:\/\/www.tiptopreel.fi\/#website\",\"url\":\"https:\/\/www.tiptopreel.fi\/\",\"name\":\"Tiptopreel\",\"description\":\"\",\"potentialAction\":[{\"@type\":\"SearchAction\",\"target\":{\"@type\":\"EntryPoint\",\"urlTemplate\":\"https:\/\/www.tiptopreel.fi\/?s={search_term_string}\"},\"query-input\":\"required name=search_term_string\"}],\"inLanguage\":\"uk-UA\"}]}<\/script>\n<!-- \/ Yoast SEO plugin. -->","yoast_head_json":{"title":"\u0422i\u043f\u0442\u043e\u043f\u0440i\u043b - Tiptopreel","robots":{"index":"index","follow":"follow","max-snippet":"max-snippet:-1","max-image-preview":"max-image-preview:large","max-video-preview":"max-video-preview:-1"},"canonical":"https:\/\/www.tiptopreel.fi\/uk\/tiptopreel\/","og_locale":"uk_UA","og_type":"article","og_title":"\u0422i\u043f\u0442\u043e\u043f\u0440i\u043b - Tiptopreel","og_description":"\u041d\u0430\u0439\u0432\u0438\u0449\u0430 \u043e\u0431\u043c\u043e\u0442\u043a\u0430; \u043d\u043e\u0432\u0430 \u043a\u043e\u0442\u0443\u0448\u043a\u0430 \u0434\u043b\u044f \u0432\u0438\u0440\u043e\u0449\u0443\u0432\u0430\u043d\u043d\u044f \u043e\u0433\u0456\u0440\u043a\u0456\u0432, \u044f\u043a\u0430 \u0432\u0438\u043a\u043e\u0440\u0438\u0441\u0442\u043e\u0432\u0443\u0454\u0442\u044c\u0441\u044f \u043f\u0440\u0438 \u0432\u0438\u0441\u043e\u043a\u043e\u043f\u0440\u043e\u0432\u043e\u043b\u043e\u0447\u043d\u0456\u0439 \u0441\u0438\u0441\u0442\u0435\u043c\u0456.","og_url":"https:\/\/www.tiptopreel.fi\/uk\/tiptopreel\/","og_site_name":"Tiptopreel","article_modified_time":"2022-12-13T11:20:47+00:00","og_image":[{"width":1140,"height":774,"url":"https:\/\/www.tiptopreel.fi\/wp-content\/uploads\/2016\/06\/tiptopreel.jpg","type":"image\/jpeg"}],"twitter_card":"summary_large_image","twitter_misc":{"Est. reading time":"2 minutes"},"schema":{"@context":"https:\/\/schema.org","@graph":[{"@type":"WebPage","@id":"https:\/\/www.tiptopreel.fi\/uk\/tiptopreel\/","url":"https:\/\/www.tiptopreel.fi\/uk\/tiptopreel\/","name":"\u0422i\u043f\u0442\u043e\u043f\u0440i\u043b - Tiptopreel","isPartOf":{"@id":"https:\/\/www.tiptopreel.fi\/#website"},"datePublished":"2016-07-13T22:32:02+00:00","dateModified":"2022-12-13T11:20:47+00:00","breadcrumb":{"@id":"https:\/\/www.tiptopreel.fi\/uk\/tiptopreel\/#breadcrumb"},"inLanguage":"uk-UA","potentialAction":[{"@type":"ReadAction","target":["https:\/\/www.tiptopreel.fi\/uk\/tiptopreel\/"]}]},{"@type":"BreadcrumbList","@id":"https:\/\/www.tiptopreel.fi\/uk\/tiptopreel\/#breadcrumb","itemListElement":[{"@type":"ListItem","position":1,"name":"Etusivu","item":"https:\/\/www.tiptopreel.fi\/uk\/"},{"@type":"ListItem","position":2,"name":"\u0422i\u043f\u0442\u043e\u043f\u0440i\u043b"}]},{"@type":"WebSite","@id":"https:\/\/www.tiptopreel.fi\/#website","url":"https:\/\/www.tiptopreel.fi\/","name":"Tiptopreel","description":"","potentialAction":[{"@type":"SearchAction","target":{"@type":"EntryPoint","urlTemplate":"https:\/\/www.tiptopreel.fi\/?s={search_term_string}"},"query-input":"required name=search_term_string"}],"inLanguage":"uk-UA"}]}},"_links":{"self":[{"href":"https:\/\/www.tiptopreel.fi\/uk\/wp-json\/wp\/v2\/pages\/117"}],"collection":[{"href":"https:\/\/www.tiptopreel.fi\/uk\/wp-json\/wp\/v2\/pages"}],"about":[{"href":"https:\/\/www.tiptopreel.fi\/uk\/wp-json\/wp\/v2\/types\/page"}],"author":[{"embeddable":true,"href":"https:\/\/www.tiptopreel.fi\/uk\/wp-json\/wp\/v2\/users\/1"}],"replies":[{"embeddable":true,"href":"https:\/\/www.tiptopreel.fi\/uk\/wp-json\/wp\/v2\/comments?post=117"}],"version-history":[{"count":11,"href":"https:\/\/www.tiptopreel.fi\/uk\/wp-json\/wp\/v2\/pages\/117\/revisions"}],"predecessor-version":[{"id":503,"href":"https:\/\/www.tiptopreel.fi\/uk\/wp-json\/wp\/v2\/pages\/117\/revisions\/503"}],"wp:featuredmedia":[{"embeddable":true,"href":"https:\/\/www.tiptopreel.fi\/uk\/wp-json\/wp\/v2\/media\/341"}],"wp:attachment":[{"href":"https:\/\/www.tiptopreel.fi\/uk\/wp-json\/wp\/v2\/media?parent=117"}],"curies":[{"name":"wp","href":"https:\/\/api.w.org\/{rel}","templated":true}]}}