{"id":432,"date":"2016-06-29T10:23:17","date_gmt":"2016-06-29T07:23:17","guid":{"rendered":"https:\/\/www.tiptopreel.fi\/home\/"},"modified":"2022-12-13T12:32:56","modified_gmt":"2022-12-13T10:32:56","slug":"home","status":"publish","type":"page","link":"https:\/\/www.tiptopreel.fi\/pl\/","title":{"rendered":"Strona g\u0142\u00f3wna"},"content":{"rendered":"","protected":false},"excerpt":{"rendered":"","protected":false},"author":1,"featured_media":411,"parent":0,"menu_order":0,"comment_status":"closed","ping_status":"closed","template":"front-page.php","meta":[],"acf":[],"yoast_head":"<!-- This site is optimized with the Yoast SEO plugin v19.11 - https:\/\/yoast.com\/wordpress\/plugins\/seo\/ -->\n<title>Tiptopreel - Og\u00f3rk\u00f3w metod\u0105 zej\u015bcia<\/title>\n<meta name=\"description\" content=\"R\u00f3wnomierny wzrost poprawia zbiory og\u00f3rka. Mo\u017cesz \u0142atwo i szybko wyr\u00f3wna\u0107 wszystkie wierzcho\u0142ki ro\u015bliny do tego samego poziomu.\" \/>\n<meta name=\"robots\" content=\"index, follow, max-snippet:-1, max-image-preview:large, max-video-preview:-1\" \/>\n<link rel=\"canonical\" href=\"https:\/\/www.tiptopreel.fi\/pl\/\" \/>\n<meta property=\"og:locale\" content=\"pl_PL\" \/>\n<meta property=\"og:type\" content=\"article\" \/>\n<meta property=\"og:title\" content=\"Tiptopreel - Og\u00f3rk\u00f3w metod\u0105 zej\u015bcia\" \/>\n<meta property=\"og:description\" content=\"R\u00f3wnomierny wzrost poprawia zbiory og\u00f3rka. Mo\u017cesz \u0142atwo i szybko wyr\u00f3wna\u0107 wszystkie wierzcho\u0142ki ro\u015bliny do tego samego poziomu.\" \/>\n<meta property=\"og:url\" content=\"https:\/\/www.tiptopreel.fi\/pl\/\" \/>\n<meta property=\"og:site_name\" content=\"Tiptopreel\" \/>\n<meta property=\"article:modified_time\" content=\"2022-12-13T10:32:56+00:00\" \/>\n<meta property=\"og:image\" content=\"http:\/\/www.tiptopreel.fi\/wp-content\/uploads\/2016\/06\/tiptopreel-facebook-og-1200x630.jpg\" \/>\n<meta name=\"twitter:card\" content=\"summary_large_image\" \/>\n<script type=\"application\/ld+json\" class=\"yoast-schema-graph\">{\"@context\":\"https:\/\/schema.org\",\"@graph\":[{\"@type\":\"WebPage\",\"@id\":\"https:\/\/www.tiptopreel.fi\/pl\/\",\"url\":\"https:\/\/www.tiptopreel.fi\/pl\/\",\"name\":\"Tiptopreel - Og\u00f3rk\u00f3w metod\u0105 zej\u015bcia\",\"isPartOf\":{\"@id\":\"https:\/\/www.tiptopreel.fi\/#website\"},\"datePublished\":\"2016-06-29T07:23:17+00:00\",\"dateModified\":\"2022-12-13T10:32:56+00:00\",\"description\":\"R\u00f3wnomierny wzrost poprawia zbiory og\u00f3rka. Mo\u017cesz \u0142atwo i szybko wyr\u00f3wna\u0107 wszystkie wierzcho\u0142ki ro\u015bliny do tego samego poziomu.\",\"breadcrumb\":{\"@id\":\"https:\/\/www.tiptopreel.fi\/pl\/#breadcrumb\"},\"inLanguage\":\"pl-PL\",\"potentialAction\":[{\"@type\":\"ReadAction\",\"target\":[\"https:\/\/www.tiptopreel.fi\/pl\/\"]}]},{\"@type\":\"BreadcrumbList\",\"@id\":\"https:\/\/www.tiptopreel.fi\/pl\/#breadcrumb\",\"itemListElement\":[{\"@type\":\"ListItem\",\"position\":1,\"name\":\"Etusivu\",\"item\":\"https:\/\/www.tiptopreel.fi\/pl\/\"},{\"@type\":\"ListItem\",\"position\":2,\"name\":\"Strona g\u0142\u00f3wna\"}]},{\"@type\":\"WebSite\",\"@id\":\"https:\/\/www.tiptopreel.fi\/#website\",\"url\":\"https:\/\/www.tiptopreel.fi\/\",\"name\":\"Tiptopreel\",\"description\":\"\",\"potentialAction\":[{\"@type\":\"SearchAction\",\"target\":{\"@type\":\"EntryPoint\",\"urlTemplate\":\"https:\/\/www.tiptopreel.fi\/?s={search_term_string}\"},\"query-input\":\"required name=search_term_string\"}],\"inLanguage\":\"pl-PL\"}]}<\/script>\n<!-- \/ Yoast SEO plugin. -->","yoast_head_json":{"title":"Tiptopreel - Og\u00f3rk\u00f3w metod\u0105 zej\u015bcia","description":"R\u00f3wnomierny wzrost poprawia zbiory og\u00f3rka. Mo\u017cesz \u0142atwo i szybko wyr\u00f3wna\u0107 wszystkie wierzcho\u0142ki ro\u015bliny do tego samego poziomu.","robots":{"index":"index","follow":"follow","max-snippet":"max-snippet:-1","max-image-preview":"max-image-preview:large","max-video-preview":"max-video-preview:-1"},"canonical":"https:\/\/www.tiptopreel.fi\/pl\/","og_locale":"pl_PL","og_type":"article","og_title":"Tiptopreel - Og\u00f3rk\u00f3w metod\u0105 zej\u015bcia","og_description":"R\u00f3wnomierny wzrost poprawia zbiory og\u00f3rka. Mo\u017cesz \u0142atwo i szybko wyr\u00f3wna\u0107 wszystkie wierzcho\u0142ki ro\u015bliny do tego samego poziomu.","og_url":"https:\/\/www.tiptopreel.fi\/pl\/","og_site_name":"Tiptopreel","article_modified_time":"2022-12-13T10:32:56+00:00","og_image":[{"url":"http:\/\/www.tiptopreel.fi\/wp-content\/uploads\/2016\/06\/tiptopreel-facebook-og-1200x630.jpg"}],"twitter_card":"summary_large_image","schema":{"@context":"https:\/\/schema.org","@graph":[{"@type":"WebPage","@id":"https:\/\/www.tiptopreel.fi\/pl\/","url":"https:\/\/www.tiptopreel.fi\/pl\/","name":"Tiptopreel - Og\u00f3rk\u00f3w metod\u0105 zej\u015bcia","isPartOf":{"@id":"https:\/\/www.tiptopreel.fi\/#website"},"datePublished":"2016-06-29T07:23:17+00:00","dateModified":"2022-12-13T10:32:56+00:00","description":"R\u00f3wnomierny wzrost poprawia zbiory og\u00f3rka. Mo\u017cesz \u0142atwo i szybko wyr\u00f3wna\u0107 wszystkie wierzcho\u0142ki ro\u015bliny do tego samego poziomu.","breadcrumb":{"@id":"https:\/\/www.tiptopreel.fi\/pl\/#breadcrumb"},"inLanguage":"pl-PL","potentialAction":[{"@type":"ReadAction","target":["https:\/\/www.tiptopreel.fi\/pl\/"]}]},{"@type":"BreadcrumbList","@id":"https:\/\/www.tiptopreel.fi\/pl\/#breadcrumb","itemListElement":[{"@type":"ListItem","position":1,"name":"Etusivu","item":"https:\/\/www.tiptopreel.fi\/pl\/"},{"@type":"ListItem","position":2,"name":"Strona g\u0142\u00f3wna"}]},{"@type":"WebSite","@id":"https:\/\/www.tiptopreel.fi\/#website","url":"https:\/\/www.tiptopreel.fi\/","name":"Tiptopreel","description":"","potentialAction":[{"@type":"SearchAction","target":{"@type":"EntryPoint","urlTemplate":"https:\/\/www.tiptopreel.fi\/?s={search_term_string}"},"query-input":"required name=search_term_string"}],"inLanguage":"pl-PL"}]}},"_links":{"self":[{"href":"https:\/\/www.tiptopreel.fi\/pl\/wp-json\/wp\/v2\/pages\/432"}],"collection":[{"href":"https:\/\/www.tiptopreel.fi\/pl\/wp-json\/wp\/v2\/pages"}],"about":[{"href":"https:\/\/www.tiptopreel.fi\/pl\/wp-json\/wp\/v2\/types\/page"}],"author":[{"embeddable":true,"href":"https:\/\/www.tiptopreel.fi\/pl\/wp-json\/wp\/v2\/users\/1"}],"replies":[{"embeddable":true,"href":"https:\/\/www.tiptopreel.fi\/pl\/wp-json\/wp\/v2\/comments?post=432"}],"version-history":[{"count":6,"href":"https:\/\/www.tiptopreel.fi\/pl\/wp-json\/wp\/v2\/pages\/432\/revisions"}],"predecessor-version":[{"id":476,"href":"https:\/\/www.tiptopreel.fi\/pl\/wp-json\/wp\/v2\/pages\/432\/revisions\/476"}],"wp:featuredmedia":[{"embeddable":true,"href":"https:\/\/www.tiptopreel.fi\/pl\/wp-json\/wp\/v2\/media\/411"}],"wp:attachment":[{"href":"https:\/\/www.tiptopreel.fi\/pl\/wp-json\/wp\/v2\/media?parent=432"}],"curies":[{"name":"wp","href":"https:\/\/api.w.org\/{rel}","templated":true}]}}